{"id":2534,"date":"2023-09-04T06:27:27","date_gmt":"2023-09-04T06:27:27","guid":{"rendered":"https:\/\/formazione.iuse.it\/eucompetitions\/?page_id=2534"},"modified":"2024-10-04T08:29:51","modified_gmt":"2024-10-04T08:29:51","slug":"eu-careers-lab-ottobre-2023","status":"publish","type":"page","link":"https:\/\/formazione.iuse.it\/eucompetitions\/eu-careers-lab-ottobre-2023\/","title":{"rendered":"EU Careers Lab &#8211; Ottobre 2023"},"content":{"rendered":"<p><img decoding=\"async\" loading=\"lazy\" class=\"aligncenter wp-image-2542\" src=\"http:\/\/formazione.iuse.it\/eucompetitions\/wp-content\/uploads\/sites\/6\/2023\/09\/logo_iusecde.png\" alt=\"\" width=\"245\" height=\"114\" srcset=\"https:\/\/formazione.iuse.it\/eucompetitions\/wp-content\/uploads\/sites\/6\/2023\/09\/logo_iusecde.png 800w, https:\/\/formazione.iuse.it\/eucompetitions\/wp-content\/uploads\/sites\/6\/2023\/09\/logo_iusecde-300x140.png 300w, https:\/\/formazione.iuse.it\/eucompetitions\/wp-content\/uploads\/sites\/6\/2023\/09\/logo_iusecde-768x358.png 768w, https:\/\/formazione.iuse.it\/eucompetitions\/wp-content\/uploads\/sites\/6\/2023\/09\/logo_iusecde-285x133.png 285w\" sizes=\"(max-width: 245px) 100vw, 245px\" \/><\/p>\n<hr style=\"clear: both;\" \/>\n<h2 style=\"text-align: center;\">EUROPEAN CAREERS LAB \u2013 PREPARAZIONE <em>ONLINE<\/em> AI CONCORSI EPSO<\/h2>\n<h2 style=\"text-align: center;\">16 \u2013 27 OTTOBRE 2023<\/h2>\n<p>&nbsp;<\/p>\n<table>\n<tbody>\n<tr>\n<td>\n<h3>Destinatari<\/h3>\n<\/td>\n<td>Laureandi, laureati e giovani professionisti che si preparano ai concorsi.<\/td>\n<\/tr>\n<tr>\n<td>\n<h3>Modalit\u00e0 di svolgimento<\/h3>\n<\/td>\n<td>Il corso avr\u00e0 luogo <strong>dal 16 al 27 ottobre 2023<\/strong> in modalit\u00e0 <strong>online<\/strong>. Il programma prevede 20 ore tra lezioni ed esercitazioni, articolate in 10 webinar della durata due ore ciascuno, <strong>in orario 17-19<\/strong>, previa iscrizione e rilascio delle credenziali di accesso.<\/td>\n<\/tr>\n<tr>\n<td>\n<h3>Programma<\/h3>\n<\/td>\n<td>Programma di 20 ore dedicato alla spiegazione delle tecniche di soluzione e ad esercitazioni guidate sulle diverse prove che compongono la Competition Phase dei nuovi concorsi europei:<\/p>\n<ul>\n<li>ragionamento verbale<\/li>\n<li>ragionamento numerico<\/li>\n<li>ragionamento astratto<\/li>\n<li>preparazione ai EU knowledge test<\/li>\n<li>preparazione al Case Study<\/li>\n<\/ul>\n<\/td>\n<\/tr>\n<tr>\n<td>\n<h3>Lingua di lavoro<\/h3>\n<\/td>\n<td>Italiano e inglese.<\/td>\n<\/tr>\n<tr>\n<td>\n<h3>Costi<\/h3>\n<\/td>\n<td>Il costo del corso \u00e8 di <strong>250,00 euro per chi si iscrive entro il 2 ottobre<\/strong> e di 350,00 euro per le iscrizioni giunte successivamente.<\/td>\n<\/tr>\n<tr>\n<td>\n<h3>Iscrizioni<\/h3>\n<\/td>\n<td>Le iscrizioni sono aperte.<br \/>\nPer iscriversi \u00e8 necessario compilare il <strong><a href=\"#form\">form di iscrizione online<\/a><\/strong>.<br \/>\n<strong>Il corso si terr\u00e0 al raggiungimento del numero minimo di 12 iscritti.<\/strong><\/td>\n<\/tr>\n<tr>\n<td>\n<h3>Contatti<\/h3>\n<\/td>\n<td>ISTITUTO UNIVERSITARIO DI STUDI EUROPEI<br \/>\nCampus Luigi Einaudi &#8211; Lungo Dora Siena 100, 10153 Torino, Italy<br \/>\ntel: 011 670 9424<br \/>\ne-mail: <a href=\"mailto:eucompetitions@iuse.it\">eucompetitions@iuse.it<\/a><\/td>\n<\/tr>\n<\/tbody>\n<\/table>\n<h2><a name=\"form\"><\/a>Iscrizioni<\/h2>\n<p>Iscrizioni chiuse per questa edizione.<\/p>\n","protected":false},"excerpt":{"rendered":"<p>EUROPEAN CAREERS LAB \u2013 PREPARAZIONE ONLINE AI CONCORSI EPSO 16 \u2013 27 OTTOBRE 2023 &nbsp; Destinatari Laureandi, laureati e giovani professionisti che si preparano ai concorsi. Modalit\u00e0 di svolgimento Il corso avr\u00e0 luogo dal 16 al 27 ottobre 2023 in modalit\u00e0 online. Il programma prevede 20 ore tra lezioni ed esercitazioni, articolate in 10 webinar [&hellip;]<\/p>\n","protected":false},"author":1,"featured_media":0,"parent":0,"menu_order":0,"comment_status":"closed","ping_status":"closed","template":"","meta":{"footnotes":""},"_links":{"self":[{"href":"https:\/\/formazione.iuse.it\/eucompetitions\/wp-json\/wp\/v2\/pages\/2534"}],"collection":[{"href":"https:\/\/formazione.iuse.it\/eucompetitions\/wp-json\/wp\/v2\/pages"}],"about":[{"href":"https:\/\/formazione.iuse.it\/eucompetitions\/wp-json\/wp\/v2\/types\/page"}],"author":[{"embeddable":true,"href":"https:\/\/formazione.iuse.it\/eucompetitions\/wp-json\/wp\/v2\/users\/1"}],"replies":[{"embeddable":true,"href":"https:\/\/formazione.iuse.it\/eucompetitions\/wp-json\/wp\/v2\/comments?post=2534"}],"version-history":[{"count":8,"href":"https:\/\/formazione.iuse.it\/eucompetitions\/wp-json\/wp\/v2\/pages\/2534\/revisions"}],"predecessor-version":[{"id":2575,"href":"https:\/\/formazione.iuse.it\/eucompetitions\/wp-json\/wp\/v2\/pages\/2534\/revisions\/2575"}],"wp:attachment":[{"href":"https:\/\/formazione.iuse.it\/eucompetitions\/wp-json\/wp\/v2\/media?parent=2534"}],"curies":[{"name":"wp","href":"https:\/\/api.w.org\/{rel}","templated":true}]}}