{"id":2440,"date":"2022-05-16T11:24:07","date_gmt":"2022-05-16T11:24:07","guid":{"rendered":"http:\/\/formazione.iuse.it\/eucompetitions\/?page_id=2440"},"modified":"2022-06-09T06:22:52","modified_gmt":"2022-06-09T06:22:52","slug":"eu-careers-lab-giugno-2022","status":"publish","type":"page","link":"https:\/\/formazione.iuse.it\/eucompetitions\/eu-careers-lab-giugno-2022\/","title":{"rendered":"EU Careers Lab &#8211; Giugno 2022"},"content":{"rendered":"<hr style=\"clear: both;\" \/>\n<h2>EUROPEAN CAREERS LAB \u2013 PREPARAZIONE <em>ONLINE<\/em> AI CONCORSI EPSO<br \/>\n20 \u2013 30 GIUGNO 2022<\/h2>\n<p><strong>il corso \u00e8 confermato e si terr\u00e0, come previsto, dal 20 al 30 giugno, dal luned\u00ec al venerd\u00ec in orario 17,00 &#8211; 19,00.<\/strong><\/p>\n<p>&nbsp;<\/p>\n<table>\n<tbody>\n<tr>\n<td>\n<h3>Destinatari<\/h3>\n<\/td>\n<td>Diplomati, laureandi e laureati che si preparano per il concorso.<\/td>\n<\/tr>\n<tr>\n<td>\n<h3>Modalit\u00e0 di svolgimento<\/h3>\n<\/td>\n<td>Il corso avr\u00e0 luogo <strong>dal 20 al 30 giugno 2022<\/strong> in modalit\u00e0 <strong>online<\/strong>. Il programma prevede 18\/20 ore tra lezioni ed esercitazioni, articolate in nove webinar della durata due ore ciascuno, <strong>in orario 17-19<\/strong>, previa iscrizione e rilascio delle credenziali di accesso.<\/td>\n<\/tr>\n<tr>\n<td>\n<h3>Programma<\/h3>\n<\/td>\n<td>Il programma \u00e8 dedicato alla spiegazione delle tecniche di soluzione e ad esercitazioni guidate sulle 4 diverse prove che compongono i test a scelta multipla su computer:<\/p>\n<p>\u2022 ragionamento verbale<br \/>\n\u2022 ragionamento numerico<br \/>\n\u2022 ragionamento astratto<br \/>\n\u2022 test di comprensione linguistica (in italiano e inglese).<\/td>\n<\/tr>\n<tr>\n<td>\n<h3>Lingua di lavoro<\/h3>\n<\/td>\n<td>Italiano e inglese.<\/td>\n<\/tr>\n<tr>\n<td>\n<h3>Costi<\/h3>\n<\/td>\n<td>Il costo del corso \u00e8 di <strong>200,00 euro per chi si iscrive entro il 3 giugno<\/strong> e di 300,00 euro per le iscrizioni giunte successivamente.<\/td>\n<\/tr>\n<tr>\n<td>\n<h3>Iscrizioni<\/h3>\n<\/td>\n<td>Le iscrizioni sono aperte e si chiuderanno non appena raggiunto il numero massimo di 30 iscritti (secondo la formula first come, first served).<br \/>\nPer iscriversi \u00e8 necessario compilare il <strong><a href=\"#form\">form di iscrizione online<\/a><\/strong>.<br \/>\n<strong>Il corso si terr\u00e0 al raggiungimento del numero minimo di 12 iscritti.<\/strong><\/td>\n<\/tr>\n<tr>\n<td>\n<h3>Contatti<\/h3>\n<\/td>\n<td>ISTITUTO UNIVERSITARIO DI STUDI EUROPEI<br \/>\nCampus Luigi Einaudi &#8211; Lungo Dora Siena 100, 10153 Torino, Italy<br \/>\ntel: 011 670 9424<br \/>\ne-mail: <a href=\"mailto:eucompetitions@iuse.it\">eucompetitions@iuse.it<\/a><\/td>\n<\/tr>\n<\/tbody>\n<\/table>\n<h2><a name=\"form\"><\/a>Iscrizioni<\/h2>\n[caldera_form id=&#8221;CF5f621978c82d1&#8243;]\n","protected":false},"excerpt":{"rendered":"<p>EUROPEAN CAREERS LAB \u2013 PREPARAZIONE ONLINE AI CONCORSI EPSO 20 \u2013 30 GIUGNO 2022 il corso \u00e8 confermato e si terr\u00e0, come previsto, dal 20 al 30 giugno, dal luned\u00ec al venerd\u00ec in orario 17,00 &#8211; 19,00. &nbsp; Destinatari Diplomati, laureandi e laureati che si preparano per il concorso. Modalit\u00e0 di svolgimento Il corso avr\u00e0 [&hellip;]<\/p>\n","protected":false},"author":1,"featured_media":0,"parent":0,"menu_order":0,"comment_status":"closed","ping_status":"closed","template":"","meta":{"footnotes":""},"_links":{"self":[{"href":"https:\/\/formazione.iuse.it\/eucompetitions\/wp-json\/wp\/v2\/pages\/2440"}],"collection":[{"href":"https:\/\/formazione.iuse.it\/eucompetitions\/wp-json\/wp\/v2\/pages"}],"about":[{"href":"https:\/\/formazione.iuse.it\/eucompetitions\/wp-json\/wp\/v2\/types\/page"}],"author":[{"embeddable":true,"href":"https:\/\/formazione.iuse.it\/eucompetitions\/wp-json\/wp\/v2\/users\/1"}],"replies":[{"embeddable":true,"href":"https:\/\/formazione.iuse.it\/eucompetitions\/wp-json\/wp\/v2\/comments?post=2440"}],"version-history":[{"count":6,"href":"https:\/\/formazione.iuse.it\/eucompetitions\/wp-json\/wp\/v2\/pages\/2440\/revisions"}],"predecessor-version":[{"id":2500,"href":"https:\/\/formazione.iuse.it\/eucompetitions\/wp-json\/wp\/v2\/pages\/2440\/revisions\/2500"}],"wp:attachment":[{"href":"https:\/\/formazione.iuse.it\/eucompetitions\/wp-json\/wp\/v2\/media?parent=2440"}],"curies":[{"name":"wp","href":"https:\/\/api.w.org\/{rel}","templated":true}]}}