{"id":2383,"date":"2020-09-16T14:05:42","date_gmt":"2020-09-16T14:05:42","guid":{"rendered":"http:\/\/formazione.iuse.it\/eucompetitions\/?page_id=2383"},"modified":"2020-10-27T08:48:53","modified_gmt":"2020-10-27T08:48:53","slug":"edizione-ottobre-2020-online","status":"publish","type":"page","link":"https:\/\/formazione.iuse.it\/eucompetitions\/edizione-ottobre-2020-online\/","title":{"rendered":"Edizione Ottobre 2020 (online)"},"content":{"rendered":"<h2><a href=\"https:\/\/iuse.it\" target=\"_blank\" rel=\"noopener noreferrer\"><img decoding=\"async\" loading=\"lazy\" class=\"alignleft wp-image-2388\" src=\"http:\/\/formazione.iuse.it\/eucompetitions\/wp-content\/uploads\/sites\/6\/2020\/09\/iusecde-300x180-1.png\" alt=\"\" width=\"183\" height=\"110\" srcset=\"https:\/\/formazione.iuse.it\/eucompetitions\/wp-content\/uploads\/sites\/6\/2020\/09\/iusecde-300x180-1.png 300w, https:\/\/formazione.iuse.it\/eucompetitions\/wp-content\/uploads\/sites\/6\/2020\/09\/iusecde-300x180-1-285x171.png 285w\" sizes=\"(max-width: 183px) 100vw, 183px\" \/><\/a><a href=\"https:\/\/iusefor.it\" target=\"_blank\" rel=\"noopener noreferrer\"><img decoding=\"async\" loading=\"lazy\" class=\"alignleft wp-image-2389 size-full\" src=\"http:\/\/formazione.iuse.it\/eucompetitions\/wp-content\/uploads\/sites\/6\/2020\/09\/logo-iusefor.png\" alt=\"\" width=\"235\" height=\"75\" \/><\/a><a href=\"https:\/\/www.unito.it\" target=\"_blank\" rel=\"noopener noreferrer\"><img decoding=\"async\" loading=\"lazy\" class=\"wp-image-2415 alignleft\" src=\"http:\/\/formazione.iuse.it\/eucompetitions\/wp-content\/uploads\/sites\/6\/2020\/10\/LOGO-unito_500x500px.png\" alt=\"\" width=\"107\" height=\"107\" srcset=\"https:\/\/formazione.iuse.it\/eucompetitions\/wp-content\/uploads\/sites\/6\/2020\/10\/LOGO-unito_500x500px.png 500w, https:\/\/formazione.iuse.it\/eucompetitions\/wp-content\/uploads\/sites\/6\/2020\/10\/LOGO-unito_500x500px-300x300.png 300w, https:\/\/formazione.iuse.it\/eucompetitions\/wp-content\/uploads\/sites\/6\/2020\/10\/LOGO-unito_500x500px-150x150.png 150w, https:\/\/formazione.iuse.it\/eucompetitions\/wp-content\/uploads\/sites\/6\/2020\/10\/LOGO-unito_500x500px-103x103.png 103w, https:\/\/formazione.iuse.it\/eucompetitions\/wp-content\/uploads\/sites\/6\/2020\/10\/LOGO-unito_500x500px-100x100.png 100w, https:\/\/formazione.iuse.it\/eucompetitions\/wp-content\/uploads\/sites\/6\/2020\/10\/LOGO-unito_500x500px-385x385.png 385w, https:\/\/formazione.iuse.it\/eucompetitions\/wp-content\/uploads\/sites\/6\/2020\/10\/LOGO-unito_500x500px-204x204.png 204w\" sizes=\"(max-width: 107px) 100vw, 107px\" \/><\/a><\/h2>\n<hr style=\"clear: both;\" \/>\n<h2>EUROPEAN CAREERS LAB \u2013 PREPARAZIONE <em>ONLINE<\/em> AI CONCORSI EPSO<br \/>\n19 \u2013 30 OTTOBRE 2020<\/h2>\n<p>&nbsp;<\/p>\n<table>\n<tbody>\n<tr>\n<td>\n<h3>Destinatari<\/h3>\n<\/td>\n<td>Studenti, laureati, ricercatori, professionisti interessati a lavorare all\u2019UE o in enti e aziende che utilizzino analoghe procedure di selezione.<\/td>\n<\/tr>\n<tr>\n<td>\n<h3>Modalit\u00e0 di svolgimento<\/h3>\n<\/td>\n<td>Il corso avr\u00e0 luogo <strong>dal 19 al 30 ottobre 2020<\/strong> in modalit\u00e0 <strong>online<\/strong>. Il programma prevede 18 ore tra lezioni ed esercitazioni, articolate in nove webinar della durata due ore ciascuno, <strong>in orario 16-18<\/strong>, previa iscrizione e rilascio delle credenziali di accesso.<\/td>\n<\/tr>\n<tr>\n<td>\n<h3>Programma<\/h3>\n<\/td>\n<td>Il programma comprende la preparazione ai <strong>test di ragionamento verbale, numerico, astratto e di comprensione linguistica<\/strong>. Si tratta dei test a scelta multipla su computer che vengono proposti da gran parte dei concorsi EPSO, come ad esempio amministratori nel settore del diritto dell\u2019UE, amministratori nel settore delle relazioni esterne, agenti contrattuali AST, ecc.<\/td>\n<\/tr>\n<tr>\n<td>\n<h3>Lingua di lavoro<\/h3>\n<\/td>\n<td>Italiano<\/td>\n<\/tr>\n<tr>\n<td>\n<h3>Costi<\/h3>\n<\/td>\n<td>Il costo del corso \u00e8 di <strong>275,00 euro<\/strong><\/td>\n<\/tr>\n<tr>\n<td>\n<h3>Iscrizioni<\/h3>\n<\/td>\n<td>Le iscrizioni sono aperte.<br \/>\nPer iscriversi \u00e8 necessario compilare il [caldera_form_modal id=&#8221;CF5f621978c82d1&#8243;]<strong>form di iscrizione online<\/strong>[\/caldera_form_modal].<br \/>\n<strong>Il corso si terr\u00e0 al raggiungimento del numero minimo di 13 iscritti.<\/strong><\/td>\n<\/tr>\n<tr>\n<td>\n<h3>Contatti<\/h3>\n<\/td>\n<td>ISTITUTO UNIVERSITARIO DI STUDI EUROPEI<br \/>\nCampus Luigi Einaudi &#8211; Lungo Dora Siena 100, 10153 Torino, Italy<br \/>\ntel: 011 670 9424<br \/>\ne-mail: eucompetitions@iuse.it<\/td>\n<\/tr>\n<\/tbody>\n<\/table>\n<p style=\"text-align: center;\">[caldera_form_modal id=&#8221;CF5f621978c82d1&#8243; type=&#8221;button&#8221;]ISCRIZIONI CHIUSE[\/caldera_form_modal]\n","protected":false},"excerpt":{"rendered":"<p>EUROPEAN CAREERS LAB \u2013 PREPARAZIONE ONLINE AI CONCORSI EPSO 19 \u2013 30 OTTOBRE 2020 &nbsp; Destinatari Studenti, laureati, ricercatori, professionisti interessati a lavorare all\u2019UE o in enti e aziende che utilizzino analoghe procedure di selezione. Modalit\u00e0 di svolgimento Il corso avr\u00e0 luogo dal 19 al 30 ottobre 2020 in modalit\u00e0 online. Il programma prevede 18 [&hellip;]<\/p>\n","protected":false},"author":1,"featured_media":0,"parent":0,"menu_order":0,"comment_status":"closed","ping_status":"closed","template":"","meta":{"footnotes":""},"_links":{"self":[{"href":"https:\/\/formazione.iuse.it\/eucompetitions\/wp-json\/wp\/v2\/pages\/2383"}],"collection":[{"href":"https:\/\/formazione.iuse.it\/eucompetitions\/wp-json\/wp\/v2\/pages"}],"about":[{"href":"https:\/\/formazione.iuse.it\/eucompetitions\/wp-json\/wp\/v2\/types\/page"}],"author":[{"embeddable":true,"href":"https:\/\/formazione.iuse.it\/eucompetitions\/wp-json\/wp\/v2\/users\/1"}],"replies":[{"embeddable":true,"href":"https:\/\/formazione.iuse.it\/eucompetitions\/wp-json\/wp\/v2\/comments?post=2383"}],"version-history":[{"count":12,"href":"https:\/\/formazione.iuse.it\/eucompetitions\/wp-json\/wp\/v2\/pages\/2383\/revisions"}],"predecessor-version":[{"id":2434,"href":"https:\/\/formazione.iuse.it\/eucompetitions\/wp-json\/wp\/v2\/pages\/2383\/revisions\/2434"}],"wp:attachment":[{"href":"https:\/\/formazione.iuse.it\/eucompetitions\/wp-json\/wp\/v2\/media?parent=2383"}],"curies":[{"name":"wp","href":"https:\/\/api.w.org\/{rel}","templated":true}]}}