{"id":234,"date":"2016-05-24T13:42:10","date_gmt":"2016-05-24T13:42:10","guid":{"rendered":"http:\/\/formazione.iuse.it\/eucompetitions\/?page_id=234"},"modified":"2022-05-16T11:25:57","modified_gmt":"2022-05-16T11:25:57","slug":"privacy-cookie-policy","status":"publish","type":"page","link":"https:\/\/formazione.iuse.it\/eucompetitions\/privacy-cookie-policy\/","title":{"rendered":"Privacy &#038; Cookie policy"},"content":{"rendered":"<h2>Definizioni<\/h2>\n<h3>Dati personali (o anche Dati)<\/h3>\n<p>Le informazioni che identificano o rendono identificabile,\u00a0direttamente o indirettamente, una persona fisica e che possono fornire informazioni sulle sue caratteristiche, le sue abitudini, il suo stile di vita, le sue relazioni personali, il suo stato di salute, la sua situazione economica, ecc.<\/p>\n<h3>Dati di navigazione e di utilizzo<\/h3>\n<p>Dati personali la cui trasmissione \u00e8 implicita nell&#8217;uso dei protocolli di comunicazione di Internet e che servono per il funzionamento del Sito web (es. indirizzi IP o nomi a dominio dei computer utilizzati dagli utenti che si connettono al sito, gli indirizzi URI -Uniform Resource Identifier- delle risorse richieste, orario della richiesta, metodo utilizzato nel sottoporre la richiesta al server, dimensione del file ottenuto in risposta, codice numerico circa lo stato della risposta resa dal server -buon fine, errore, ecc.- ed altri parametri relativi al sistema operativo e all&#8217;ambiente informatico dell&#8217;utente).<\/p>\n<h3>Dati forniti volontariamente dall\u2019utente<\/h3>\n<p>Dati non richiesti dal Titolare e facoltativi che vengono forniti su base volontaria dall\u2019Utente, ad esempio compilando form di contatto o inviando comunicazioni al Titolare tramite i contatti presenti sul Sito web<\/p>\n<h3>Categorie particolari di dati personali<\/h3>\n<p>I dati che rivelano l&#8217;origine razziale od etnica, le convinzioni religiose, filosofiche, le opinioni politiche, l&#8217;appartenenza sindacale, relativi alla salute o alla vita sessuale, i dati genetici, i dati biometrici e quelli relativi all&#8217;orientamento sessuale<\/p>\n<h3>Trattamento di dati personali<\/h3>\n<p>Qualsiasi operazione o insieme di operazioni, compiute con o senza l\u2019ausilio di <a href=\"https:\/\/protezionedatipersonali.it\/profilazione\" target=\"Profilazione\" rel=\"noopener noreferrer\">processi automatizzati<\/a> e applicate a <a href=\"https:\/\/protezionedatipersonali.it\/dato-personale\" target=\"Dato personale\" rel=\"noopener noreferrer\">dati personali<\/a> o insiemi di dati personali, come la raccolta, la registrazione, l\u2019organizzazione, la strutturazione, la conservazione, l\u2019adattamento o la modifica, l\u2019estrazione, la consultazione, l\u2019uso, la comunicazione\u00a0mediante trasmissione, diffusione o qualsiasi altra forma di messa a disposizione, il raffronto o l\u2019interconnessione, la limitazione, la cancellazione o la distruzione.<\/p>\n<h3>Utente<\/h3>\n<p>La persona fisica che utilizza il Sito Web e, se non diversamente specificato, coincide con l\u2019Interessato<\/p>\n<h3>Interessato<\/h3>\n<p>La persona fisica a cui si riferiscono i dati personali<\/p>\n<h3>Titolare del trattamento<\/h3>\n<p>La persona fisica o giuridica, l&#8217;autorit\u00e0 pubblica, il servizio o altro organismo che, singolarmente o insieme ad altri, determina le finalit\u00e0 e i mezzi del trattamento di dati personali<\/p>\n<h3>Responsabile del trattamento<\/h3>\n<p>La persona fisica, giuridica, pubblica amministrazione o ente che tratta i dati personali per conto del <a href=\"https:\/\/protezionedatipersonali.it\/titolare-del-trattamento\" target=\"titolare del trattamento\" rel=\"noopener noreferrer\">titolare del trattamento<\/a><\/p>\n<h3>Sito web (o anche Sito)<\/h3>\n<p>Lo strumento o gli strumenti informatici attraverso cui vengono raccolti e trattati i dati personali<\/p>\n<h3>Servizio o Servizi<\/h3>\n<p>Il servizio o i servizi offerti e forniti sul Sito web, cos\u00ec come descritti nelle relative pagine dedicate<\/p>\n<h3>Strumenti di tracciamento<\/h3>\n<p>Ogni strumento che permette di tracciare, memorizzare e archiviare i dati e i comportamenti dell\u2019Utente. Si pu\u00f2 distinguere tra i c.d. \u201cidentificatori attivi\u201d, come i cookie, e \u201cpassivi\u201d come il finger printing<\/p>\n<h3>Cookie<\/h3>\n<p>Stringhe di testo che i siti web (cd. Publisher, o \u201cprime parti\u201d) visitati dall\u2019utente ovvero siti o web server diversi (cd. \u201cterze parti\u201d) posizionano ed archiviano \u2013 direttamente, nel caso dei publisher e indirettamente, cio\u00e8 per il tramite di questi ultimi, nel caso delle \u201cterze parti\u201d &#8211; all\u2019interno di un dispositivo terminale nella disponibilit\u00e0 dell\u2019utente medesimo<\/p>\n<h2>Riferimenti normativi e di legge<\/h2>\n<h3>Regolamento Europeo 2016\/679<\/h3>\n<p>Regolamento del Parlamento europeo e del Consiglio, del 27 aprile 2016, relativo alla protezione delle persone fisiche con riguardo al trattamento dei dati personali, nonch\u00e9 alla libera circolazione di tali dati<\/p>\n<h3>Codice Privacy<\/h3>\n<p>Decreto Legislativo n. 196 del 2003 &#8211; \u201cCodice in materia di protezione dei dati personali\u201d<\/p>\n<h3>Decreto Legislativo n. 101 del 2018<\/h3>\n<p>Disposizioni per l&#8217;adeguamento della normativa nazionale alle disposizioni del regolamento (UE) 2016\/679<\/p>\n<h3>Direttiva 2002\/58\/CE<\/h3>\n<p>Direttiva del Parlamento europeo e del Consiglio del 12 luglio 2002 relativa al trattamento dei dati personali e alla tutela della vita privata nel settore delle comunicazioni elettroniche (direttiva relativa alla vita privata e alle comunicazioni elettroniche)<\/p>\n<h3>Provvedimenti e Linee Guida Garante Privacy<\/h3>\n<p>I Provvedimenti e le Linee Guida emanate dall\u2019Autorit\u00e0 Garante per la Protezione dei dati personali (<a href=\"http:\/\/www.garanteprivacy.it\/\">www.garanteprivacy.it<\/a>) e in particolare le Linee guida cookie e altri strumenti di tracciamento &#8211; 10 giugno 2021 (Pubblicato sulla Gazzetta Ufficiale n. 163 del 9 luglio 2021)<\/p>\n<h3>Linee Guida EDPB<\/h3>\n<p>I pareri e le linee guida emanate dall\u2019European Data Protection Board (<a href=\"http:\/\/www.edpb.europa.eu\/\">www.edpb.europa.eu<\/a>)<\/p>\n<h2>Privacy policy<\/h2>\n<h3>TITOLARE DEL TRATTAMENTO<\/h3>\n<p align=\"justify\">Ai sensi della normativa vigente e di quanto previsto dall&#8217;art. 13 del Regolamento UE 2016\/679 del Parlamento europeo e del Consiglio, del 27 aprile 2016, relativo alla protezione delle persone fisiche con riguardo al trattamento dei dati personali, nonch\u00e9 alla libera circolazione di tali dati (di seguito &#8220;Regolamento&#8221;), La informiamo che il Titolare del trattamento dei dati da Lei forniti \u00e8 l\u2019Istituto Universitario di Studi Europei, con sede in Lungo Dora Siena 100\/A, 10153 \u2013 Torino (TO), Codice Fiscale 80084690017, P.IVA 02975140019, www.iuse.it, info@iuse.it.<\/p>\n<p>L\u2019indirizzo del nostro sito web \u00e8: https:\/\/iuse.it.<\/p>\n<p>I dati sono trattati nel rispetto della normativa vigente ed in particolare del Regolamento. Il trattamento \u00e8 improntato ai principi di liceit\u00e0, correttezza, trasparenza, limitazione delle finalit\u00e0, minimizzazione dei dati, esattezza, limitazione della conservazione, integrit\u00e0, riservatezza.<\/p>\n<h3>DATI PERSONALI<\/h3>\n<h4>Dati di navigazione e di utilizzo<\/h4>\n<p>I sistemi informatici e i programmi informatici utilizzati per il funzionamento del sito raccolgono alcuni dati personali la cui trasmissione \u00e8 implicita nell&#8217;uso dei protocolli di comunicazione di Internet (es. indirizzi IP o nomi a dominio dei computer utilizzati dagli utenti che si connettono al sito, gli indirizzi URI -Uniform Resource Identifier- delle risorse richieste, orario della richiesta, metodo utilizzato nel sottoporre la richiesta al server, dimensione del file ottenuto in risposta, codice numerico circa lo stato della risposta resa dal server -buon fine, errore, ecc.- ed altri parametri relativi al sistema operativo e all&#8217;ambiente informatico dell&#8217;utente). Bench\u00e9 si tratti di informazioni che non sono raccolte per essere associate a interessati identificati, per loro natura potrebbero, attraverso elaborazioni ed associazioni con dati detenuti da terzi, consentire di identificare gli utenti. Tali dati sono utilizzati al solo fine di ricavare informazioni statistiche non associate ad alcun dato identificativo dell&#8217;utente sull&#8217;uso del sito e per controllarne il corretto funzionamento e vengono cancellati immediatamente dopo l&#8217;elaborazione. I dati potrebbero essere utilizzati per l&#8217;accertamento di responsabilit\u00e0 in caso di ipotetici reati informatici ai danni del Sito.<\/p>\n<h4>Dati forniti volontariamente<\/h4>\n<p>Per la navigazione del sito non \u00e8 richiesto alcun conferimento di dati personali da parte dell\u2019utente. Tuttavia, eventuali contatti con il Titolare, tramite ad esempio l&#8217;invio facoltativo, esplicito e spontaneo di messaggi, di posta elettronica o tradizionale, ai recapiti riferiti al Titolare indicati sul sito comportano la successiva ed inevitabile acquisizione dell&#8217;indirizzo, anche e-mail, del mittente o della relativa numerazione telefonica, necessari per rispondere alle richieste, nonch\u00e9 di eventuali altri dati personali inseriti nelle relative comunicazioni.<\/p>\n<p>Tali dati saranno utilizzati al solo fine di dar seguito alla richiesta dell&#8217;utente e potranno essere comunicati a terzi solo nel caso in cui ci\u00f2 sia necessario a tal fine.<\/p>\n<p>Per il trattamento dei dati per tali finalit\u00e0 non occorre il Suo consenso poich\u00e9 il trattamento \u00e8 necessario all&#8217;esecuzione di un contratto di cui Lei \u00e8 parte o all&#8217;esecuzione di misure precontrattuali adottate su Sua richiesta (art. 6, comma 1, lett. b) del Regolamento), nonch\u00e9, ove applicabile, per adempiere un obbligo legale (art. 6, comma 1, lett. c) del Regolamento).<\/p>\n<h4>Commenti<\/h4>\n<p>Quando i visitatori lasciano commenti sul sito, raccogliamo i dati mostrati nel modulo dei commenti oltre all\u2019indirizzo IP del visitatore e la stringa dello user agent del browser per facilitare il rilevamento dello spam.<\/p>\n<p>Una stringa anonimizzata creata a partire dal tuo indirizzo email (altrimenti detta hash) pu\u00f2 essere fornita al servizio Gravatar per vedere se lo stai usando. La privacy policy del servizio Gravatar \u00e8 disponibile qui: https:\/\/automattic.com\/privacy\/. Dopo l\u2019approvazione del tuo commento, la tua immagine del profilo \u00e8 visibile al pubblico nel contesto del tuo commento.<\/p>\n<h4>Media<\/h4>\n<p>Se carichi immagini sul sito web, dovresti evitare di caricare immagini che includono i dati di posizione incorporati (EXIF GPS). I visitatori del sito web possono scaricare ed estrarre qualsiasi dato sulla posizione dalle immagini sul sito web.<\/p>\n<h4>Modulo di contatto o iscrizione<\/h4>\n<p>La compilazione di un modulo di contatto o di un modulo di iscrizione ad un Corso dell\u2019Istituto o ad una iniziativa promossa dal medesimo istituto comporta l\u2019inevitabile raccolta dei dati personali da Lei forniti volontariamente, come ad esempio il nome, il cognome, l\u2019indirizzo email o altri dati richiesti nei diversi moduli. Tali dati sono, quindi, trattati per poter rispondere a richieste di informazioni o per poter procedere ad evadere richieste di iscrizione o partecipazione a Corsi o altre iniziative promosse dall\u2019Istituto. e potranno essere comunicati a terzi solo nel caso in cui ci\u00f2 sia necessario a tal fine.<\/p>\n<p>Per il trattamento dei dati per tali finalit\u00e0 non occorre il Suo consenso poich\u00e9 il trattamento \u00e8 necessario all&#8217;esecuzione di un contratto di cui Lei \u00e8 parte o all&#8217;esecuzione di misure precontrattuali adottate su Sua richiesta (art. 6, comma 1, lett. b) del Regolamento), nonch\u00e9, ove applicabile, per adempiere un obbligo legale (art. 6, comma 1, lett. c) del Regolamento).<\/p>\n<h4>Strumenti di tracciamento<\/h4>\n<p>L&#8217;utilizzo di cookie o altri strumenti di tracciamento effettuato da questo Sito o da servizi di terze parti, se non diversamente specificato, ha la principale finalit\u00e0 di fornire il servizio richiesto dall&#8217;Utente, oltre ad eventuali altre finalit\u00e0 riportate in questa policy o nella Cookie policy.<\/p>\n<h3>FINALITA\u2019 DEL TRATTAMENTO<\/h3>\n<p>I dati saranno trattati solo al fine del perseguimento delle seguenti finalit\u00e0: gestione delle richieste, marketing, contact management, visualizzazione di contenuti da fonti esterne, elaborazioni statistiche, adempiere obblighi legali.<\/p>\n<h3>MODALITA\u2019 DEL TRATTAMENTO<\/h3>\n<p>Il trattamento dei dati avverr\u00e0, da parte di personale incaricato dal Titolare con procedure, strumenti tecnici e informatici idonei a tutelare la riservatezza e la sicurezza dei Suoi dati e con modalit\u00e0 cartacee, telematiche e informatiche. Il trattamento consiste nella loro raccolta, registrazione, organizzazione, conservazione, consultazione, elaborazione, modificazione, selezione, estrazione, raffronto, utilizzo, interconnessione, blocco, comunicazione, diffusione, cancellazione, distruzione degli stessi comprese la combinazione di due o pi\u00f9 delle attivit\u00e0 suddette. Il Titolare adotta tutte le misure tecniche e organizzative necessarie alla tutela e riservatezza dei dati personali trattati.<\/p>\n<h3>CONSERVAZIONE DEI DATI<\/h3>\n<p>Tali dati sono conservati per il tempo strettamente necessario a fornire all\u2019utente il servizio richiesto e sono eliminati subito dopo, salvi ulteriori obblighi di conservazione previsti dalla legge o da accordi contrattuali. I Suoi dati non saranno diffusi.<\/p>\n<p>Se si lascia un commento, il commento e i relativi metadati vengono conservati per tutto il tempo in cui l\u2019utente continuer\u00e0 ad utilizzare i commenti e in ogni caso fino a quando non far\u00e0 richiesta di cancellazione. \u00c8 cos\u00ec che possiamo riconoscere e approvare automaticamente eventuali commenti successivi invece di tenerli in una coda di moderazione.<\/p>\n<p>Per gli utenti che si registrano sul nostro sito web (se presenti), memorizziamo anche le informazioni personali che forniscono nel loro profilo utente. Tutti gli utenti possono vedere, modificare o cancellare le loro informazioni personali in qualsiasi momento (eccetto il loro nome utente che non possono cambiare). Gli amministratori del sito web possono anche vedere e modificare queste informazioni.<!-- Non ho rintracciato possibilit\u00e0 di registrazione account sul sito, ma magari mia mancanza. Quindi ti chiedo: se non c\u2019\u00e8 registrazione utente questa parte \u00e8 da eliminare. Se vi \u00e8 possibilit\u00e0 di registrazione \u00e8 necessario inserire anche altro paragrafo tra i dati trattati. Per cortesia segnalami se vi \u00e8 o meno --><\/p>\n<h3>COMUNICAZIONE E TRASFERIMENTO DEI DATI<\/h3>\n<p>Nell&#8217;ambito della sua attivit\u00e0 e per le finalit\u00e0 sopra indicate il Titolare potr\u00e0 avvalersi di personale interno autorizzato e\/o di responsabili esterni lecitamente nominati che operano su istruzioni del Titolare . Tali soggetti hanno mansioni e compiti specifici in base alle diverse finalit\u00e0 del trattamento dei dati personali, per questo Le saranno indicati nel caso in cui dette finalit\u00e0 si verificassero. Un elenco completo e aggiornato di questi soggetti pu\u00f2 essere richiesto in qualsivoglia momento al Titolare.<\/p>\n<p>I dati personali non saranno trasferiti verso Paesi terzi non appartenenti all\u2019Unione Europea n\u00e9 verso organizzazioni internazionali.<\/p>\n<h3>DIRITTI DEGLI INTERESSATI<\/h3>\n<p>La informiamo, inoltre, che Le sono riconosciuti dalla normativa vigente nuovi e pi\u00f9 significativi diritti, che potr\u00e0, in qualsiasi momento, esercitare. In particolare, il diritto di:<\/p>\n<ul>\n<li>\n<p align=\"justify\">ricevere conferma dell\u2019esistenza dei Suoi dati personali e accedere al loro contenuto;<\/p>\n<\/li>\n<li>\n<p align=\"justify\">aggiornare, modificare e\/o correggere i Suoi dati personali;<\/p>\n<\/li>\n<li>\n<p align=\"justify\">chiederne la cancellazione, la trasformazione in forma anonima, il blocco dei dati trattati in violazione di legge o la limitazione del trattamento;<\/p>\n<\/li>\n<li>\n<p align=\"justify\">opporsi per motivi legittimi al trattamento;<\/p>\n<\/li>\n<li>\n<p align=\"justify\">ricevere copia dei dati forniti dalla Suoi Societ\u00e0 e chiedere che tali dati siano trasmessi ad un altro titolare del trattamento;<\/p>\n<\/li>\n<\/ul>\n<p align=\"justify\">inviando specifica richiesta all\u2019Istituto Universitario di Studi Europei, domiciliata presso Lungo Dora Siena 100\/A, 10153 \u2013 Torino (TO), email gdpr@iuse.it<\/p>\n<p>&nbsp;<\/p>\n","protected":false},"excerpt":{"rendered":"<p>Definizioni Dati personali (o anche Dati) Le informazioni che identificano o rendono identificabile,\u00a0direttamente o indirettamente, una persona fisica e che possono fornire informazioni sulle sue caratteristiche, le sue abitudini, il suo stile di vita, le sue relazioni personali, il suo stato di salute, la sua situazione economica, ecc. Dati di navigazione e di utilizzo Dati [&hellip;]<\/p>\n","protected":false},"author":1,"featured_media":0,"parent":0,"menu_order":0,"comment_status":"closed","ping_status":"closed","template":"","meta":{"footnotes":""},"_links":{"self":[{"href":"https:\/\/formazione.iuse.it\/eucompetitions\/wp-json\/wp\/v2\/pages\/234"}],"collection":[{"href":"https:\/\/formazione.iuse.it\/eucompetitions\/wp-json\/wp\/v2\/pages"}],"about":[{"href":"https:\/\/formazione.iuse.it\/eucompetitions\/wp-json\/wp\/v2\/types\/page"}],"author":[{"embeddable":true,"href":"https:\/\/formazione.iuse.it\/eucompetitions\/wp-json\/wp\/v2\/users\/1"}],"replies":[{"embeddable":true,"href":"https:\/\/formazione.iuse.it\/eucompetitions\/wp-json\/wp\/v2\/comments?post=234"}],"version-history":[{"count":2,"href":"https:\/\/formazione.iuse.it\/eucompetitions\/wp-json\/wp\/v2\/pages\/234\/revisions"}],"predecessor-version":[{"id":2443,"href":"https:\/\/formazione.iuse.it\/eucompetitions\/wp-json\/wp\/v2\/pages\/234\/revisions\/2443"}],"wp:attachment":[{"href":"https:\/\/formazione.iuse.it\/eucompetitions\/wp-json\/wp\/v2\/media?parent=234"}],"curies":[{"name":"wp","href":"https:\/\/api.w.org\/{rel}","templated":true}]}}